{"id":1246,"date":"2023-02-14T16:36:40","date_gmt":"2023-02-14T15:36:40","guid":{"rendered":"https:\/\/hoganclub.asystems.as\/kontakt\/"},"modified":"2023-05-16T13:12:39","modified_gmt":"2023-05-16T11:12:39","slug":"kontakt","status":"publish","type":"page","link":"https:\/\/hoganclub.asystems.as\/en\/kontakt\/","title":{"rendered":"Kontakt"},"content":{"rendered":"<section class=\"section is-style-section--normal\">\n<div class=\"content content--regular global-style\">\n\n<h6 class=\"wp-block-heading\">M\u00e1te z\u00e1jem o na\u0161e slu\u017eby? Pot\u0159ebujete se na n\u011bco zeptat? Zaj\u00edmaj\u00ed V\u00e1s bli\u017e\u0161\u00ed informace? <\/h6>\n\n<h1 class=\"wp-block-heading\">Kontaktujte n\u00e1s<\/h1>\n\n<h4 class=\"wp-block-heading\">Assessment Systems \u010cesk\u00e1 Republika<\/h4>\n\n<p>Zirkon Office Center<br>Sokolovsk\u00e1 131\/86<br>186 00 Prague<br>Czech Republic<\/p>\n\n<div style=\"height:1em\" aria-hidden=\"true\" class=\"wp-block-spacer\"><\/div>\n\n<p class=\"is-style-phone\"><a href=\"tel:+420270004651\">+420 270 004 651<\/a><\/p>\n\n<p class=\"is-style-email\"><a href=\"mailto:info@asystems.as\">info@asystems.as<\/a><\/p>\n\n<h4 class=\"wp-block-heading\">Rychl\u00fd kontakt<\/h4>\n\n<div class=\"wp-block-contact-form-7-contact-form-selector\">\n<div class=\"wpcf7 no-js\" id=\"wpcf7-f213-o1\" lang=\"cs-CZ\" dir=\"ltr\">\n<div class=\"screen-reader-response\"><p role=\"status\" aria-live=\"polite\" aria-atomic=\"true\"><\/p> <ul><\/ul><\/div>\n<form action=\"\/en\/wp-json\/wp\/v2\/pages\/1246#wpcf7-f213-o1\" method=\"post\" class=\"wpcf7-form init\" aria-label=\"Kontaktn\u00ed formul\u00e1\u0159\" novalidate=\"novalidate\" data-status=\"init\">\n<div style=\"display: none;\">\n<input type=\"hidden\" name=\"_wpcf7\" value=\"213\" \/>\n<input type=\"hidden\" name=\"_wpcf7_version\" value=\"5.9.7\" \/>\n<input type=\"hidden\" name=\"_wpcf7_locale\" value=\"cs_CZ\" \/>\n<input type=\"hidden\" name=\"_wpcf7_unit_tag\" value=\"wpcf7-f213-o1\" \/>\n<input type=\"hidden\" name=\"_wpcf7_container_post\" value=\"0\" \/>\n<input type=\"hidden\" name=\"_wpcf7_posted_data_hash\" value=\"\" \/>\n<\/div>\n<div class=\"input-wrapper\">\n    <label class=\"label\" for=\"full-name\">Jm\u00e9no <span>*<\/span><\/label>\n    <span class=\"wpcf7-form-control-wrap\" data-name=\"full-name\"><input size=\"40\" maxlength=\"400\" class=\"wpcf7-form-control wpcf7-text wpcf7-validates-as-required\" id=\"full-name\" aria-required=\"true\" aria-invalid=\"false\" value=\"\" type=\"text\" name=\"full-name\" \/><\/span>\n<\/div>\n<div class=\"input-wrapper\">\n    <label class=\"label\" for=\"email\">E-mail <span>*<\/span><\/label>\n    <span class=\"wpcf7-form-control-wrap\" data-name=\"email\"><input size=\"40\" maxlength=\"400\" class=\"wpcf7-form-control wpcf7-email wpcf7-validates-as-required wpcf7-text wpcf7-validates-as-email\" id=\"email\" aria-required=\"true\" aria-invalid=\"false\" value=\"\" type=\"email\" name=\"email\" \/><\/span>\n<\/div>\n<div class=\"input-wrapper\">\n    <label class=\"label\" for=\"phone\">Spole\u010dnost<\/label>\n    <span class=\"wpcf7-form-control-wrap\" data-name=\"phone\"><input size=\"40\" maxlength=\"400\" class=\"wpcf7-form-control wpcf7-text\" id=\"phone\" aria-invalid=\"false\" value=\"\" type=\"text\" name=\"phone\" \/><\/span>\n<\/div>\n<div class=\"input-wrapper\">\n\t<label class=\"label\" for=\"message\">Va\u0161e zpr\u00e1va <\/label>\n\t<span class=\"wpcf7-form-control-wrap\" data-name=\"message\"><textarea cols=\"40\" rows=\"4\" maxlength=\"2000\" class=\"wpcf7-form-control wpcf7-textarea wpcf7-validates-as-required\" id=\"message\" aria-required=\"true\" aria-invalid=\"false\" name=\"message\"><\/textarea><\/span>\n<\/div>\n\n<span id=\"wpcf7-69e4df79afc68-wrapper\" class=\"wpcf7-form-control-wrap website-wrap\" ><input type=\"hidden\" name=\"website-time-start\" value=\"1776607097\"><input type=\"hidden\" name=\"website-time-check\" value=\"4\"><input id=\"website\"  class=\"wpcf7-form-control wpcf7-text website\" type=\"text\" name=\"website\" value=\"\" size=\"40\" tabindex=\"-1\" autocomplete=\"off\" \/><\/span>\n\n<span class=\"wpcf7-form-control-wrap\" data-name=\"acceptance\"><span class=\"wpcf7-form-control wpcf7-acceptance\"><span class=\"wpcf7-list-item\"><label><input type=\"checkbox\" name=\"acceptance\" value=\"1\" id=\"acceptance\" aria-invalid=\"false\" \/><span class=\"wpcf7-list-item-label\"><p>P\u0159e\u010detl(a) jsem a souhlas\u00edm se <a href=\"https:\/\/cz.asystems.as\/politika-ochrany-soukromi\/\" target=\"_blank\">z\u00e1sadami zpracov\u00e1n\u00ed osobn\u00edch \u00fadaj\u016f<\/a>.<\/p><\/span><\/label><\/span><\/span><\/span>\n\n<p class=\"google-recaptcha\">Tento web je chr\u00e1n\u011bn reCAPTCHA a plat\u00ed z\u00e1sady <a href=\"https:\/\/policies.google.com\/privacy\" target=\"_blank\">ochrany osobn\u00edch \u00fadaj\u016f<\/a> a <a href=\"https:\/\/policies.google.com\/terms\" target=\"_blank\">podm\u00ednky slu\u017eby<\/a> Google.<\/p>\n\n<div class=\"form-note\"><span>*<\/span> Povinn\u00e9 pole<\/div>\n<div class=\"submit-wrapper\">\n    <div class=\"wpcf7-spinner\"><\/div>\n    <button class=\"button wpcf7-form-control wpcf7-submit\">Odeslat<\/button>\n<\/div><div class=\"wpcf7-response-output\" aria-hidden=\"true\"><\/div>\n<\/form>\n<\/div>\n<\/div>\n<\/div><!--\/ .container -->\n<\/section><!--\/ .group -->\n","protected":false},"excerpt":{"rendered":"<p>M\u00e1te z\u00e1jem o na\u0161e slu\u017eby? Pot\u0159ebujete se na n\u011bco zeptat? Zaj\u00edmaj\u00ed V\u00e1s bli\u017e\u0161\u00ed informace? Kontaktujte n\u00e1s Assessment Systems \u010cesk\u00e1 Republika&#8230;<\/p>\n","protected":false},"author":1,"featured_media":0,"parent":0,"menu_order":10,"comment_status":"closed","ping_status":"closed","template":"template-pages\/page-contact.php","meta":{"footnotes":""},"class_list":["post-1246","page","type-page","status-publish","hentry"],"acf":[],"_links":{"self":[{"href":"https:\/\/hoganclub.asystems.as\/en\/wp-json\/wp\/v2\/pages\/1246","targetHints":{"allow":["GET"]}}],"collection":[{"href":"https:\/\/hoganclub.asystems.as\/en\/wp-json\/wp\/v2\/pages"}],"about":[{"href":"https:\/\/hoganclub.asystems.as\/en\/wp-json\/wp\/v2\/types\/page"}],"author":[{"embeddable":true,"href":"https:\/\/hoganclub.asystems.as\/en\/wp-json\/wp\/v2\/users\/1"}],"replies":[{"embeddable":true,"href":"https:\/\/hoganclub.asystems.as\/en\/wp-json\/wp\/v2\/comments?post=1246"}],"version-history":[{"count":1,"href":"https:\/\/hoganclub.asystems.as\/en\/wp-json\/wp\/v2\/pages\/1246\/revisions"}],"predecessor-version":[{"id":1461,"href":"https:\/\/hoganclub.asystems.as\/en\/wp-json\/wp\/v2\/pages\/1246\/revisions\/1461"}],"wp:attachment":[{"href":"https:\/\/hoganclub.asystems.as\/en\/wp-json\/wp\/v2\/media?parent=1246"}],"curies":[{"name":"wp","href":"https:\/\/api.w.org\/{rel}","templated":true}]}}