{"id":1248,"date":"2023-02-16T10:50:45","date_gmt":"2023-02-16T09:50:45","guid":{"rendered":"https:\/\/hoganclub.asystems.as\/prihlaseni\/"},"modified":"2023-05-16T13:13:06","modified_gmt":"2023-05-16T11:13:06","slug":"prihlaseni","status":"publish","type":"page","link":"https:\/\/hoganclub.asystems.as\/en\/prihlaseni\/","title":{"rendered":"P\u0159ihl\u00e1\u0161en\u00ed"},"content":{"rendered":"<section class=\"section is-style-section--pattern\">\n<div class=\"content content--regular global-style\">\n\n<h1 class=\"wp-block-heading\">P\u0159ihl\u00e1\u0161en\u00ed<\/h1>\n<section class=\"section login-wrapper\">\n<div class=\"content content--regular global-style\">\n<div id=\"user-registration\" class=\"user-registration\">\n\n\n<div class=\"ur-frontend-form login \" id=\"ur-frontend-form\">\n\n\t<form class=\"user-registration-form user-registration-form-login login\" method=\"post\">\n\t\t<div class=\"ur-form-row\">\n\t\t\t<div class=\"ur-form-grid\">\n\t\t\t\t\t\t\t\t\t\t\t\t\t\t<p class=\"user-registration-form-row user-registration-form-row--wide form-row form-row-wide\">\n\t\t\t\t\t\t<label for=\"username\">Korisni\u010dko ime ili e-mail <span class=\"required\">*<\/span><\/label>\t\t\t\t\t\t<span class=\"input-wrapper\">\n\t\t\t\t\t\t<input placeholder=\"\" type=\"text\" class=\"user-registration-Input user-registration-Input--text input-text\" name=\"username\" id=\"username\" value=\"\" style=\"\"\/>\n\t\t\t\t\t\t\t\t\t\t\t\t<\/span>\n\t\t\t\t\t<\/p>\n\t\t\t\t\t\t\t\t\t\t<p class=\"user-registration-form-row user-registration-form-row--wide form-row form-row-wide\">\n\t\t\t\t\t\t<label for=\"password\">Lozinka <span class=\"required\">*<\/span><\/label>\t\t\t\t\t\t<span class=\"input-wrapper\">\n\t\t\t\t\t\t<span class=\"password-input-group\">\n\t\t\t\t\t\t<input placeholder=\"\" class=\"user-registration-Input user-registration-Input--text input-text\" type=\"password\" name=\"password\" id=\"password\" style=\"\" \/>\n\n\t\t\t\t\t\t\t\t\t\t\t\t\t\t\t\t\t\t<\/span>\n\t\t\t\t\t<\/p>\n\t\t\t\t\t\t\t\t\t\t\n\t\t\t\t\t\n\t\t\t\t\t<p class=\"form-row\">\n\t\t\t\t\t\t<input type=\"hidden\" id=\"user-registration-login-nonce\" name=\"user-registration-login-nonce\" value=\"309169ab66\" \/><input type=\"hidden\" name=\"_wp_http_referer\" value=\"\/en\/wp-json\/wp\/v2\/pages\/1248\" \/>\t\t\t\t\t\t<div>\n\t\t\t\t\t\t\t\t\t\t\t\t\t\t\t\t\t\t\t\t<input type=\"submit\" class=\"user-registration-Button button ur-submit-button\" id=\"user_registration_ajax_login_submit\" name=\"login\" value=\"Prijavite se\" \/>\n\t\t\t\t\t\t\t<span><\/span>\n\t\t\t\t\t\t\t\t\t\t\t\t\t<\/div>\n\t\t\t\t\t\t<input type=\"hidden\" name=\"redirect\" value=\"\" \/>\n\t\t\t\t\t\t\t\t\t\t\t\t\t\t<label class=\"user-registration-form__label user-registration-form__label-for-checkbox inline\">\n\t\t\t\t\t\t\t\t\t<input class=\"user-registration-form__input user-registration-form__input-checkbox\" name=\"rememberme\" type=\"checkbox\" id=\"rememberme\" value=\"forever\" \/> <span>Zapamti me<\/span>\n\t\t\t\t\t\t\t\t<\/label>\n\t\t\t\t\t\t\t\t\t\t\t\t<\/p>\n\n\t\t\t\t\t\t\t\t\t\t\t\t\t<p class=\"user-registration-LostPassword lost_password\">\n\t\t\t\t\t\t\t\t\t<a href=\"https:\/\/hoganclub.asystems.as\/en\/muj-ucet\/reset-password\/\">Zaboravili ste lozinku?<\/a>\n\t\t\t\t\t\t\t\t<\/p>\n\t\t\t\t\t\t\n\t\t\t\t\t\t\t\t\t\t\t\t\t<\/div>\n\t\t<\/div>\n\t<\/form>\n\n<\/div>\n\n<\/div><\/div><!--\/ .container -->\n<\/section><!--\/ .group -->\n<\/div><!--\/ .container -->\n<\/section><!--\/ .group -->\n","protected":false},"excerpt":{"rendered":"<p>P\u0159ihl\u00e1\u0161en\u00ed<\/p>\n","protected":false},"author":1,"featured_media":0,"parent":0,"menu_order":52,"comment_status":"closed","ping_status":"closed","template":"","meta":{"footnotes":""},"class_list":["post-1248","page","type-page","status-publish","hentry"],"acf":[],"_links":{"self":[{"href":"https:\/\/hoganclub.asystems.as\/en\/wp-json\/wp\/v2\/pages\/1248","targetHints":{"allow":["GET"]}}],"collection":[{"href":"https:\/\/hoganclub.asystems.as\/en\/wp-json\/wp\/v2\/pages"}],"about":[{"href":"https:\/\/hoganclub.asystems.as\/en\/wp-json\/wp\/v2\/types\/page"}],"author":[{"embeddable":true,"href":"https:\/\/hoganclub.asystems.as\/en\/wp-json\/wp\/v2\/users\/1"}],"replies":[{"embeddable":true,"href":"https:\/\/hoganclub.asystems.as\/en\/wp-json\/wp\/v2\/comments?post=1248"}],"version-history":[{"count":1,"href":"https:\/\/hoganclub.asystems.as\/en\/wp-json\/wp\/v2\/pages\/1248\/revisions"}],"predecessor-version":[{"id":1477,"href":"https:\/\/hoganclub.asystems.as\/en\/wp-json\/wp\/v2\/pages\/1248\/revisions\/1477"}],"wp:attachment":[{"href":"https:\/\/hoganclub.asystems.as\/en\/wp-json\/wp\/v2\/media?parent=1248"}],"curies":[{"name":"wp","href":"https:\/\/api.w.org\/{rel}","templated":true}]}}