{"id":1267,"date":"2023-02-14T09:30:05","date_gmt":"2023-02-14T08:30:05","guid":{"rendered":"https:\/\/hoganclub.asystems.as\/uvod\/"},"modified":"2023-05-16T11:23:17","modified_gmt":"2023-05-16T09:23:17","slug":"uvod","status":"publish","type":"page","link":"https:\/\/hoganclub.asystems.as\/pl\/","title":{"rendered":"Home"},"content":{"rendered":"\r\n    \r\n    <div class=\"hero\">\r\n        <div class=\"hero__content content content--regular\">\r\n            <div class=\"hero__inside-wrapper\">\r\n\r\n                \r\n                <h1 class=\"hero__title\">HOGAN CLUB<\/h1>\r\n\r\n                                    <p class=\"hero__text\">An inspirational platform for users of Hogan&#8217;s methods. <\/p>\r\n                \r\n                                    <a href=\"https:\/\/hoganclub.asystems.as\/hogan-club\/\"  class=\"button\">Zobrazit v\u00edce<\/a>\r\n                \r\n            <\/div>\r\n\r\n                            <img loading=\"lazy\" decoding=\"async\" width=\"523\" height=\"555\" src=\"https:\/\/hoganclub.asystems.as\/wp-content\/uploads\/2023\/02\/hogan.png\" class=\"hero__person\" alt=\"\" srcset=\"https:\/\/hoganclub.asystems.as\/wp-content\/uploads\/2023\/02\/hogan.png 523w, https:\/\/hoganclub.asystems.as\/wp-content\/uploads\/2023\/02\/hogan-283x300.png 283w\" sizes=\"auto, (max-width: 523px) 100vw, 523px\" \/>            \r\n        <\/div>\r\n\r\n                    <div class=\"hero__image\">\r\n                <img fetchpriority=\"high\" decoding=\"async\" width=\"1920\" height=\"700\" src=\"https:\/\/hoganclub.asystems.as\/wp-content\/uploads\/2023\/02\/header-background-temporary-1-1920x700.jpg\" class=\"absolute-image\" alt=\"\" loading=\"eager\" \/>            <\/div>\r\n        \r\n    <\/div>\r\n\r\n\n\n<section class=\"section is-style-section--pattern\">\n<div class=\"content content--regular global-style\">\n\r\n    <h3>Uplynul\u00e9 ud\u00e1losti<\/h3><div class=\"passed-events\">                <a href=\"https:\/\/hoganclub.asystems.as\/pl\/event\/interpretation-fitness-zmiana-nazw-skal\/\" class=\"passed-events__item\">\r\n                    <h3 class=\"passed-events__title\">Interpretation Fitness + Zmiana nazw skal           czyli \u0107wiczymy interpretacj\u0119 profili po ostatnich zmianach<\/h3>\r\n                    <div class=\"passed-events__perex\">\r\n                        <p>Po ostatnim \u015bwietnym odbiorze formu\u0142y Interpretation Fitness zapraszamy Was do dalszych \u0107wicze\u0144. Przyjrzymy si\u0119 przyk\u0142adowemu profilowi Hogana w nowej ods\u0142onie&#8230;<\/p>\n                    <\/div>\r\n                    <div class=\"passed-events__date\">28. 9. 2023<\/div>\r\n                <\/a>\r\n                                <a href=\"https:\/\/hoganclub.asystems.as\/pl\/event\/interpretation-fitness-czyli-cwiczymy-nasze-miesnie-interpretacji-profili-hogana\/\" class=\"passed-events__item\">\r\n                    <h3 class=\"passed-events__title\">Interpretation Fitness czyli \u0107wiczymy nasze mi\u0119\u015bnie interpretacji profili Hogana<\/h3>\r\n                    <div class=\"passed-events__perex\">\r\n                        <p>Spotkanie Hogan Club Polska<br \/>\n15 czerwiec 2023 godz. 9.00-10.30<\/p>\n                    <\/div>\r\n                    <div class=\"passed-events__date\">15. 6. 2023<\/div>\r\n                <\/a>\r\n                                <a href=\"https:\/\/hoganclub.asystems.as\/pl\/event\/hogan-prace-s-tymem\/\" class=\"passed-events__item\">\r\n                    <h3 class=\"passed-events__title\">Hogan &amp; pr\u00e1ce s t\u00fdmem<\/h3>\r\n                    <div class=\"passed-events__perex\">\r\n                        <p>D\u00e1t dohromady skupinu talentovan\u00fdch jedinc\u016f je\u0161t\u011b neznamen\u00e1 vytvo\u0159en\u00ed vysoce v\u00fdkonn\u00e9ho t\u00fdmu. Jak z\u00edskat lep\u0161\u00ed p\u0159edstavu o t\u00fdmov\u00e9 dynamice a porozum\u011bt tomu, jak na sebe jednotliv\u00ed \u010dlenov\u00e9 navz\u00e1jem p\u016fsob\u00ed? <\/p>\n                    <\/div>\r\n                    <div class=\"passed-events__date\">12. 4. 2022<\/div>\r\n                <\/a>\r\n                <\/div>\r\n\n<h2 class=\"wp-block-heading\">Download<\/h2>\n\r\n            <div class=\"materials\">\r\n        <div class=\"materials__tab\">\r\n\r\n                                                        <div class=\"materials__tab-item js-tab-selector active\" data-tab=\"1\">\r\n                    <div class=\"materials__tab-title\">Articles<\/div>\r\n                                            <div class=\"materials__tab-subheading\">Get insppired<\/div>\r\n                                    <\/div>\r\n                                            <div class=\"materials__tab-item js-tab-selector \" data-tab=\"2\">\r\n                    <div class=\"materials__tab-title\">Case studies<\/div>\r\n                                            <div class=\"materials__tab-subheading\">Go and read more&#8230;<\/div>\r\n                                    <\/div>\r\n            \r\n        <\/div>\r\n\r\n        <div class=\"materials__content\">\r\n\r\n                                                        <div class=\"materials__content-item js-tab-content active\" data-tab=\"1\">\r\n                    <div class=\"materials__content-item-content\">\r\n\r\n                                                    <h6 class=\"materials__content-subheading\">Articles<\/h6>\r\n                        \r\n                                                    <h3 class=\"materials__content-title\">Take a look under the hood of our articles<\/h3>\r\n                        \r\n                                                    <div class=\"materials__content-perex\">\r\n                                <p>Interesting content that you should not miss!<\/p>\r\n                            <\/div>\r\n                        \r\n                                                    <a href=\"https:\/\/hoganclub.asystems.as\/materialy-ke-stazeni\/?material-category=clanky\"  class=\"button\">Zobrazit \u010dl\u00e1nky<\/a>\r\n                        \r\n                    <\/div>\r\n                                            <div class=\"materials__content-item-image\">\r\n                            <img loading=\"lazy\" decoding=\"async\" width=\"381\" height=\"381\" src=\"https:\/\/hoganclub.asystems.as\/wp-content\/uploads\/2023\/02\/shape.png\" class=\"attachment-full size-full\" alt=\"\" srcset=\"https:\/\/hoganclub.asystems.as\/wp-content\/uploads\/2023\/02\/shape.png 381w, https:\/\/hoganclub.asystems.as\/wp-content\/uploads\/2023\/02\/shape-300x300.png 300w\" sizes=\"auto, (max-width: 381px) 100vw, 381px\" \/>                        <\/div>\r\n                                    <\/div>\r\n                                            <div class=\"materials__content-item js-tab-content \" data-tab=\"2\">\r\n                    <div class=\"materials__content-item-content\">\r\n\r\n                                                    <h6 class=\"materials__content-subheading\">Case studies<\/h6>\r\n                        \r\n                        \r\n                                                    <div class=\"materials__content-perex\">\r\n                                <p>Some case studies you should not miss<\/p>\r\n                            <\/div>\r\n                        \r\n                                                    <a href=\"https:\/\/hoganclub.asystems.as\/materialy-ke-stazeni\/?material-category=pripadove-studie\"  class=\"button\">Odkaz na studie<\/a>\r\n                        \r\n                    <\/div>\r\n                                            <div class=\"materials__content-item-image\">\r\n                            <img loading=\"lazy\" decoding=\"async\" width=\"381\" height=\"381\" src=\"https:\/\/hoganclub.asystems.as\/wp-content\/uploads\/2023\/02\/shape.png\" class=\"attachment-full size-full\" alt=\"\" srcset=\"https:\/\/hoganclub.asystems.as\/wp-content\/uploads\/2023\/02\/shape.png 381w, https:\/\/hoganclub.asystems.as\/wp-content\/uploads\/2023\/02\/shape-300x300.png 300w\" sizes=\"auto, (max-width: 381px) 100vw, 381px\" \/>                        <\/div>\r\n                                    <\/div>\r\n            \r\n\r\n        <\/div>\r\n    <\/div>\r\n    \r\n<\/div><!--\/ .container -->\n<\/section><!--\/ .group -->\n\n\n\r\n                <div class=\"cta\">\r\n            <div class=\"cta__content content content--regular\">\r\n\r\n                                    <div class=\"cta__text\">Join our HOGAN club!<\/div>\r\n                \r\n                \r\n                                            <a href=\"https:\/\/hoganclub.asystems.as\/registrace\/\"  class=\"button button--white\">Pokra\u010dovat<\/a>\r\n                    \r\n                \r\n            <\/div>\r\n        <\/div>\r\n    \r\n    <div class=\"popup js-popup\">\r\n        <div class=\"popup__inside\">\r\n            <div class=\"popup__close js-close-popup\"><\/div>\r\n                    <\/div>\r\n    <\/div>\r\n\r\n\n\n<section class=\"section is-style-section--normal\">\n<div class=\"content content--regular global-style\">\n\r\n                        <div class=\"image-content-block \" id=\"media\">\r\n\r\n            \r\n                            \r\n                <div class=\"image-content-block__item \">\r\n\r\n                                            <div class=\"image-content-block__image\">\r\n                            <div class=\"video\">\r\n\r\n                                <div class=\"video__play js-play-video\"><\/div>\r\n\r\n                                <img loading=\"lazy\" decoding=\"async\" width=\"550\" height=\"330\" src=\"https:\/\/hoganclub.asystems.as\/wp-content\/uploads\/2023\/02\/Snimek-obrazovky-2023-02-22-v-9.11.45-550x330.png\" class=\"video__thumbnail js-video-image\" alt=\"\" srcset=\"https:\/\/hoganclub.asystems.as\/wp-content\/uploads\/2023\/02\/Snimek-obrazovky-2023-02-22-v-9.11.45-550x330.png 550w, https:\/\/hoganclub.asystems.as\/wp-content\/uploads\/2023\/02\/Snimek-obrazovky-2023-02-22-v-9.11.45-400x240.png 400w\" sizes=\"auto, (max-width: 550px) 100vw, 550px\" \/>\r\n                                <iframe width=\"560\" height=\"315\" data-src=\"https:\/\/www.youtube.com\/embed\/_wQpFIctjik\" title=\"YouTube video player\" frameborder=\"0\" allow=\"accelerometer; autoplay; clipboard-write; encrypted-media; gyroscope; picture-in-picture; web-share\" allowfullscreen><\/iframe>                            <\/div>\r\n                        <\/div>\r\n                    \r\n                    <div class=\"image-content-block__content\">\r\n\r\n                                                    <h6>Media<\/h6>\r\n                        \r\n                                                    <h3 class=\"image-content-block__title\">Robert Hogan on the Importance of Humility in Leaders<\/h3>\r\n                        \r\n                                                    <div class=\"image-content-block__image-mobile\">\r\n                                <div class=\"video\">\r\n\r\n                                    <div class=\"video__play js-play-video\"><\/div>\r\n\r\n                                    <img loading=\"lazy\" decoding=\"async\" width=\"550\" height=\"330\" src=\"https:\/\/hoganclub.asystems.as\/wp-content\/uploads\/2023\/02\/Snimek-obrazovky-2023-02-22-v-9.11.45-550x330.png\" class=\"video__thumbnail js-video-image\" alt=\"\" srcset=\"https:\/\/hoganclub.asystems.as\/wp-content\/uploads\/2023\/02\/Snimek-obrazovky-2023-02-22-v-9.11.45-550x330.png 550w, https:\/\/hoganclub.asystems.as\/wp-content\/uploads\/2023\/02\/Snimek-obrazovky-2023-02-22-v-9.11.45-400x240.png 400w\" sizes=\"auto, (max-width: 550px) 100vw, 550px\" \/>\r\n                                    <iframe width=\"560\" height=\"315\" data-src=\"https:\/\/www.youtube.com\/embed\/_wQpFIctjik\" title=\"YouTube video player\" frameborder=\"0\" allow=\"accelerometer; autoplay; clipboard-write; encrypted-media; gyroscope; picture-in-picture; web-share\" allowfullscreen><\/iframe>                                <\/div>\r\n                            <\/div>\r\n                        \r\n                                                    <div class=\"image-content-block__text\">\r\n                                <p>Contrary to popular thought, organizations should look for humility in a leader rather than charisma. A humble leader channels energy into the improvement of an organization, whereas charismatic leaders leave a trail of chaos and ruin.<\/p>\r\n                            <\/div>\r\n                        \r\n                                            <\/div>\r\n\r\n                <\/div>\r\n\r\n            \r\n            \r\n        <\/div>\r\n    \r\n\r\n<\/div><!--\/ .container -->\n<\/section><!--\/ .group -->\n","protected":false},"excerpt":{"rendered":"<p>Download<\/p>\n","protected":false},"author":1,"featured_media":0,"parent":0,"menu_order":1,"comment_status":"closed","ping_status":"closed","template":"","meta":{"footnotes":""},"class_list":["post-1267","page","type-page","status-publish","hentry"],"acf":[],"_links":{"self":[{"href":"https:\/\/hoganclub.asystems.as\/pl\/wp-json\/wp\/v2\/pages\/1267","targetHints":{"allow":["GET"]}}],"collection":[{"href":"https:\/\/hoganclub.asystems.as\/pl\/wp-json\/wp\/v2\/pages"}],"about":[{"href":"https:\/\/hoganclub.asystems.as\/pl\/wp-json\/wp\/v2\/types\/page"}],"author":[{"embeddable":true,"href":"https:\/\/hoganclub.asystems.as\/pl\/wp-json\/wp\/v2\/users\/1"}],"replies":[{"embeddable":true,"href":"https:\/\/hoganclub.asystems.as\/pl\/wp-json\/wp\/v2\/comments?post=1267"}],"version-history":[{"count":3,"href":"https:\/\/hoganclub.asystems.as\/pl\/wp-json\/wp\/v2\/pages\/1267\/revisions"}],"predecessor-version":[{"id":1441,"href":"https:\/\/hoganclub.asystems.as\/pl\/wp-json\/wp\/v2\/pages\/1267\/revisions\/1441"}],"wp:attachment":[{"href":"https:\/\/hoganclub.asystems.as\/pl\/wp-json\/wp\/v2\/media?parent=1267"}],"curies":[{"name":"wp","href":"https:\/\/api.w.org\/{rel}","templated":true}]}}