{"id":1442,"date":"2023-02-21T16:01:07","date_gmt":"2023-02-21T15:01:07","guid":{"rendered":"https:\/\/hoganclub.asystems.as\/media\/"},"modified":"2023-05-29T12:02:44","modified_gmt":"2023-05-29T10:02:44","slug":"media","status":"publish","type":"page","link":"https:\/\/hoganclub.asystems.as\/pl\/media\/","title":{"rendered":"Media"},"content":{"rendered":"<section class=\"section is-style-section--normal\">\n<div class=\"content content--regular global-style\">\n\n<h1 class=\"wp-block-heading\">Media<\/h1>\n\r\n        \r\n        <div class=\"image-content-block image-content-block--video left\" id=\"media\">\r\n\r\n                \r\n                <div class=\"image-content-block__item \">\r\n\r\n                                            <div class=\"image-content-block__image\">\r\n                            <div class=\"video\">\r\n\r\n                                <div class=\"video__play js-play-video\"><\/div>\r\n\r\n                                <img loading=\"lazy\" decoding=\"async\" width=\"550\" height=\"330\" src=\"https:\/\/hoganclub.asystems.as\/wp-content\/uploads\/2023\/02\/Snimek-obrazovky-2023-02-22-v-9.11.45-550x330.png\" class=\"video__thumbnail js-video-image\" alt=\"\" srcset=\"https:\/\/hoganclub.asystems.as\/wp-content\/uploads\/2023\/02\/Snimek-obrazovky-2023-02-22-v-9.11.45-550x330.png 550w, https:\/\/hoganclub.asystems.as\/wp-content\/uploads\/2023\/02\/Snimek-obrazovky-2023-02-22-v-9.11.45-400x240.png 400w\" sizes=\"auto, (max-width: 550px) 100vw, 550px\" \/>\r\n                                <iframe width=\"560\" height=\"315\" data-src=\"https:\/\/www.youtube.com\/embed\/_wQpFIctjik\" title=\"YouTube video player\" frameborder=\"0\" allow=\"accelerometer; autoplay; clipboard-write; encrypted-media; gyroscope; picture-in-picture; web-share\" allowfullscreen><\/iframe>                            <\/div>\r\n                        <\/div>\r\n                    \r\n                    <div class=\"image-content-block__content\">\r\n\r\n                        \r\n                                                    <h3 class=\"image-content-block__title\">Robert Hogan o znaczeniu pokory w\u015br\u00f3d lider\u00f3w<\/h3>\r\n                        \r\n                                                    <div class=\"image-content-block__image-mobile\">\r\n                                <div class=\"video\">\r\n\r\n                                    <div class=\"video__play js-play-video\"><\/div>\r\n\r\n                                    <img loading=\"lazy\" decoding=\"async\" width=\"550\" height=\"330\" src=\"https:\/\/hoganclub.asystems.as\/wp-content\/uploads\/2023\/02\/Snimek-obrazovky-2023-02-22-v-9.11.45-550x330.png\" class=\"video__thumbnail js-video-image\" alt=\"\" srcset=\"https:\/\/hoganclub.asystems.as\/wp-content\/uploads\/2023\/02\/Snimek-obrazovky-2023-02-22-v-9.11.45-550x330.png 550w, https:\/\/hoganclub.asystems.as\/wp-content\/uploads\/2023\/02\/Snimek-obrazovky-2023-02-22-v-9.11.45-400x240.png 400w\" sizes=\"auto, (max-width: 550px) 100vw, 550px\" \/>\r\n                                    <iframe width=\"560\" height=\"315\" data-src=\"https:\/\/www.youtube.com\/embed\/_wQpFIctjik\" title=\"YouTube video player\" frameborder=\"0\" allow=\"accelerometer; autoplay; clipboard-write; encrypted-media; gyroscope; picture-in-picture; web-share\" allowfullscreen><\/iframe>                                <\/div>\r\n                            <\/div>\r\n                        \r\n                                                    <div class=\"image-content-block__text\">\r\n                                <p>Wbrew powszechnej opinii, organizacje powinny szuka\u0107 w liderach pokory, a nie charyzmy. Pokorny lider ukierunkowuje energi\u0119 na popraw\u0119 organizacji, podczas gdy charyzmatyczni liderzy pozostawiaj\u0105 po sobie chaos i ruin\u0119.<\/p>\r\n                            <\/div>\r\n                        \r\n                                            <\/div>\r\n\r\n                <\/div>\r\n\r\n        <\/div>\r\n    \r\n\r\n        \r\n        <div class=\"image-content-block image-content-block--video right\" id=\"media\">\r\n\r\n                \r\n                <div class=\"image-content-block__item \">\r\n\r\n                                            <div class=\"image-content-block__image\">\r\n                            <div class=\"video\">\r\n\r\n                                <div class=\"video__play js-play-video\"><\/div>\r\n\r\n                                <img loading=\"lazy\" decoding=\"async\" width=\"550\" height=\"330\" src=\"https:\/\/hoganclub.asystems.as\/wp-content\/uploads\/2023\/02\/Snimek-obrazovky-2023-02-22-v-9.11.54-550x330.png\" class=\"video__thumbnail js-video-image\" alt=\"\" srcset=\"https:\/\/hoganclub.asystems.as\/wp-content\/uploads\/2023\/02\/Snimek-obrazovky-2023-02-22-v-9.11.54-550x330.png 550w, https:\/\/hoganclub.asystems.as\/wp-content\/uploads\/2023\/02\/Snimek-obrazovky-2023-02-22-v-9.11.54-400x240.png 400w\" sizes=\"auto, (max-width: 550px) 100vw, 550px\" \/>\r\n                                <iframe width=\"560\" height=\"315\" data-src=\"https:\/\/www.youtube.com\/embed\/OjEO9ZlNCiA\" title=\"YouTube video player\" frameborder=\"0\" allow=\"accelerometer; autoplay; clipboard-write; encrypted-media; gyroscope; picture-in-picture; web-share\" allowfullscreen><\/iframe>                            <\/div>\r\n                        <\/div>\r\n                    \r\n                    <div class=\"image-content-block__content\">\r\n\r\n                        \r\n                                                    <h3 class=\"image-content-block__title\">Pokora &#8211; klucz do sukcesu przyw\u00f3dztwa (konferencja, Zagrzeb)<\/h3>\r\n                        \r\n                                                    <div class=\"image-content-block__image-mobile\">\r\n                                <div class=\"video\">\r\n\r\n                                    <div class=\"video__play js-play-video\"><\/div>\r\n\r\n                                    <img loading=\"lazy\" decoding=\"async\" width=\"550\" height=\"330\" src=\"https:\/\/hoganclub.asystems.as\/wp-content\/uploads\/2023\/02\/Snimek-obrazovky-2023-02-22-v-9.11.54-550x330.png\" class=\"video__thumbnail js-video-image\" alt=\"\" srcset=\"https:\/\/hoganclub.asystems.as\/wp-content\/uploads\/2023\/02\/Snimek-obrazovky-2023-02-22-v-9.11.54-550x330.png 550w, https:\/\/hoganclub.asystems.as\/wp-content\/uploads\/2023\/02\/Snimek-obrazovky-2023-02-22-v-9.11.54-400x240.png 400w\" sizes=\"auto, (max-width: 550px) 100vw, 550px\" \/>\r\n                                    <iframe width=\"560\" height=\"315\" data-src=\"https:\/\/www.youtube.com\/embed\/OjEO9ZlNCiA\" title=\"YouTube video player\" frameborder=\"0\" allow=\"accelerometer; autoplay; clipboard-write; encrypted-media; gyroscope; picture-in-picture; web-share\" allowfullscreen><\/iframe>                                <\/div>\r\n                            <\/div>\r\n                        \r\n                                                    <div class=\"image-content-block__text\">\r\n                                <p>Pokora w przyw\u00f3dztwie nie oznacza braku ego czy ambicji.\r\nPokorni liderzy potrafi\u0105 lepiej skierowa\u0107 swoje ambicje na \r\nrzecz organizacji, zamiast wykorzystywa\u0107 je dla osobistych korzy\u015bci.<\/p>\r\n                            <\/div>\r\n                        \r\n                                            <\/div>\r\n\r\n                <\/div>\r\n\r\n        <\/div>\r\n    \r\n\r\n        \r\n        <div class=\"image-content-block image-content-block--video left\" id=\"media\">\r\n\r\n                \r\n                <div class=\"image-content-block__item \">\r\n\r\n                                            <div class=\"image-content-block__image\">\r\n                            <div class=\"video\">\r\n\r\n                                <div class=\"video__play js-play-video\"><\/div>\r\n\r\n                                <img loading=\"lazy\" decoding=\"async\" width=\"550\" height=\"330\" src=\"https:\/\/hoganclub.asystems.as\/wp-content\/uploads\/2023\/02\/Snimek-obrazovky-2023-02-22-v-9.12.18-550x330.png\" class=\"video__thumbnail js-video-image\" alt=\"\" srcset=\"https:\/\/hoganclub.asystems.as\/wp-content\/uploads\/2023\/02\/Snimek-obrazovky-2023-02-22-v-9.12.18-550x330.png 550w, https:\/\/hoganclub.asystems.as\/wp-content\/uploads\/2023\/02\/Snimek-obrazovky-2023-02-22-v-9.12.18-400x240.png 400w\" sizes=\"auto, (max-width: 550px) 100vw, 550px\" \/>\r\n                                <iframe width=\"560\" height=\"315\" data-src=\"https:\/\/www.youtube.com\/embed\/KdEtsMwWIeM\" title=\"YouTube video player\" frameborder=\"0\" allow=\"accelerometer; autoplay; clipboard-write; encrypted-media; gyroscope; picture-in-picture; web-share\" allowfullscreen><\/iframe>                            <\/div>\r\n                        <\/div>\r\n                    \r\n                    <div class=\"image-content-block__content\">\r\n\r\n                        \r\n                                                    <h3 class=\"image-content-block__title\">Kompleksowy przewodnik po badaniach osobowo\u015bci: Czy ludzie mog\u0105 fa\u0142szowa\u0107 swoje badania osobowo\u015bci?<\/h3>\r\n                        \r\n                                                    <div class=\"image-content-block__image-mobile\">\r\n                                <div class=\"video\">\r\n\r\n                                    <div class=\"video__play js-play-video\"><\/div>\r\n\r\n                                    <img loading=\"lazy\" decoding=\"async\" width=\"550\" height=\"330\" src=\"https:\/\/hoganclub.asystems.as\/wp-content\/uploads\/2023\/02\/Snimek-obrazovky-2023-02-22-v-9.12.18-550x330.png\" class=\"video__thumbnail js-video-image\" alt=\"\" srcset=\"https:\/\/hoganclub.asystems.as\/wp-content\/uploads\/2023\/02\/Snimek-obrazovky-2023-02-22-v-9.12.18-550x330.png 550w, https:\/\/hoganclub.asystems.as\/wp-content\/uploads\/2023\/02\/Snimek-obrazovky-2023-02-22-v-9.12.18-400x240.png 400w\" sizes=\"auto, (max-width: 550px) 100vw, 550px\" \/>\r\n                                    <iframe width=\"560\" height=\"315\" data-src=\"https:\/\/www.youtube.com\/embed\/KdEtsMwWIeM\" title=\"YouTube video player\" frameborder=\"0\" allow=\"accelerometer; autoplay; clipboard-write; encrypted-media; gyroscope; picture-in-picture; web-share\" allowfullscreen><\/iframe>                                <\/div>\r\n                            <\/div>\r\n                        \r\n                                                    <div class=\"image-content-block__text\">\r\n                                <p>W przypadku bada\u0144 osobowo\u015bci nie ma dobrych i z\u0142ych odpowiedzi, wi\u0119c ich sfa\u0142szowanie jest niezwykle trudne. Obejrzyj ten kr\u00f3tki film, aby przekona\u0107 si\u0119, jak fa\u0142szowanie wp\u0142ywa na wyniki bada\u0144 osobowo\u015bci. <\/p>\r\n                            <\/div>\r\n                        \r\n                                            <\/div>\r\n\r\n                <\/div>\r\n\r\n        <\/div>\r\n    \r\n\r\n        \r\n        <div class=\"image-content-block image-content-block--video right\" id=\"media\">\r\n\r\n                \r\n                <div class=\"image-content-block__item \">\r\n\r\n                                            <div class=\"image-content-block__image\">\r\n                            <div class=\"video\">\r\n\r\n                                <div class=\"video__play js-play-video\"><\/div>\r\n\r\n                                <img loading=\"lazy\" decoding=\"async\" width=\"550\" height=\"330\" src=\"https:\/\/hoganclub.asystems.as\/wp-content\/uploads\/2023\/02\/Snimek-obrazovky-2023-02-22-v-9.12.52-550x330.png\" class=\"video__thumbnail js-video-image\" alt=\"\" srcset=\"https:\/\/hoganclub.asystems.as\/wp-content\/uploads\/2023\/02\/Snimek-obrazovky-2023-02-22-v-9.12.52-550x330.png 550w, https:\/\/hoganclub.asystems.as\/wp-content\/uploads\/2023\/02\/Snimek-obrazovky-2023-02-22-v-9.12.52-400x240.png 400w\" sizes=\"auto, (max-width: 550px) 100vw, 550px\" \/>\r\n                                <iframe width=\"560\" height=\"315\" data-src=\"https:\/\/www.youtube.com\/embed\/IlNXKhHik2E\" title=\"YouTube video player\" frameborder=\"0\" allow=\"accelerometer; autoplay; clipboard-write; encrypted-media; gyroscope; picture-in-picture; web-share\" allowfullscreen><\/iframe>                            <\/div>\r\n                        <\/div>\r\n                    \r\n                    <div class=\"image-content-block__content\">\r\n\r\n                        \r\n                                                    <h3 class=\"image-content-block__title\">Kompleksowy przewodnik po badaniach osobowo\u015bci: Czy osobowo\u015b\u0107 zmienia si\u0119 w czasie?<\/h3>\r\n                        \r\n                                                    <div class=\"image-content-block__image-mobile\">\r\n                                <div class=\"video\">\r\n\r\n                                    <div class=\"video__play js-play-video\"><\/div>\r\n\r\n                                    <img loading=\"lazy\" decoding=\"async\" width=\"550\" height=\"330\" src=\"https:\/\/hoganclub.asystems.as\/wp-content\/uploads\/2023\/02\/Snimek-obrazovky-2023-02-22-v-9.12.52-550x330.png\" class=\"video__thumbnail js-video-image\" alt=\"\" srcset=\"https:\/\/hoganclub.asystems.as\/wp-content\/uploads\/2023\/02\/Snimek-obrazovky-2023-02-22-v-9.12.52-550x330.png 550w, https:\/\/hoganclub.asystems.as\/wp-content\/uploads\/2023\/02\/Snimek-obrazovky-2023-02-22-v-9.12.52-400x240.png 400w\" sizes=\"auto, (max-width: 550px) 100vw, 550px\" \/>\r\n                                    <iframe width=\"560\" height=\"315\" data-src=\"https:\/\/www.youtube.com\/embed\/IlNXKhHik2E\" title=\"YouTube video player\" frameborder=\"0\" allow=\"accelerometer; autoplay; clipboard-write; encrypted-media; gyroscope; picture-in-picture; web-share\" allowfullscreen><\/iframe>                                <\/div>\r\n                            <\/div>\r\n                        \r\n                                                    <div class=\"image-content-block__text\">\r\n                                <p>Indywidualne zachowanie mo\u017ce zmienia\u0107 si\u0119 z chwili na chwil\u0119, ale czy osobowo\u015b\u0107 zmienia si\u0119 z czasem? Dowiedz si\u0119 tego ogl\u0105daj\u0105c ten kr\u00f3tki fi<\/p>\r\n                            <\/div>\r\n                        \r\n                                            <\/div>\r\n\r\n                <\/div>\r\n\r\n        <\/div>\r\n    \r\n<\/div><!--\/ .container -->\n<\/section><!--\/ .group -->\n","protected":false},"excerpt":{"rendered":"<p>Media<\/p>\n","protected":false},"author":1,"featured_media":0,"parent":0,"menu_order":0,"comment_status":"closed","ping_status":"closed","template":"","meta":{"footnotes":""},"class_list":["post-1442","page","type-page","status-publish","hentry"],"acf":[],"_links":{"self":[{"href":"https:\/\/hoganclub.asystems.as\/pl\/wp-json\/wp\/v2\/pages\/1442","targetHints":{"allow":["GET"]}}],"collection":[{"href":"https:\/\/hoganclub.asystems.as\/pl\/wp-json\/wp\/v2\/pages"}],"about":[{"href":"https:\/\/hoganclub.asystems.as\/pl\/wp-json\/wp\/v2\/types\/page"}],"author":[{"embeddable":true,"href":"https:\/\/hoganclub.asystems.as\/pl\/wp-json\/wp\/v2\/users\/1"}],"replies":[{"embeddable":true,"href":"https:\/\/hoganclub.asystems.as\/pl\/wp-json\/wp\/v2\/comments?post=1442"}],"version-history":[{"count":3,"href":"https:\/\/hoganclub.asystems.as\/pl\/wp-json\/wp\/v2\/pages\/1442\/revisions"}],"predecessor-version":[{"id":1528,"href":"https:\/\/hoganclub.asystems.as\/pl\/wp-json\/wp\/v2\/pages\/1442\/revisions\/1528"}],"wp:attachment":[{"href":"https:\/\/hoganclub.asystems.as\/pl\/wp-json\/wp\/v2\/media?parent=1442"}],"curies":[{"name":"wp","href":"https:\/\/api.w.org\/{rel}","templated":true}]}}