{"id":1239,"date":"2023-03-01T09:37:36","date_gmt":"2023-03-01T08:37:36","guid":{"rendered":"https:\/\/hoganclub.asystems.as\/hogan-club\/"},"modified":"2023-09-20T12:10:59","modified_gmt":"2023-09-20T10:10:59","slug":"hogan-club","status":"publish","type":"page","link":"https:\/\/hoganclub.asystems.as\/sk\/hogan-club\/","title":{"rendered":"Hogan Club"},"content":{"rendered":"\r\n    \r\n    <div class=\"hero\">\r\n        <div class=\"hero__content content content--regular\">\r\n            <div class=\"hero__inside-wrapper\">\r\n\r\n                \r\n                <h1 class=\"hero__title\">Co je Hogan club? <\/h1>\r\n\r\n                \r\n                \r\n            <\/div>\r\n\r\n            \r\n        <\/div>\r\n\r\n        \r\n    <\/div>\r\n\r\n\n\n<section class=\"section \">\n<div class=\"content content--regular global-style\">\n\n<p>V\u00edtejte na str\u00e1nk\u00e1ch HOGAN KLUBU. Na\u0161\u00edm c\u00edlem je poskytnout V\u00e1m inspirativn\u00ed prostor pro pozn\u00e1v\u00e1n\u00ed a setk\u00e1v\u00e1n\u00ed se s odborn\u00edky a kolegy z&nbsp;podobn\u00fdch obor\u016f, kter\u00e9 spojuje z\u00e1jem o Hoganovy metody.<\/p>\n\n<p>Na sv\u00e9 si p\u0159ijdou jak dlouholet\u00ed u\u017eivatel\u00e9, kter\u00e9 mohou z\u00edskat nov\u00fd \u00fahel pohledu na uplatn\u011bn\u00ed Hoganov\u00fdch metod, i \u201ev\u011b\u010dn\u00ed za\u010d\u00e1te\u010dn\u00edci\u201c, kte\u0159\u00ed si je\u0161t\u011b interpretac\u00ed nejsou tolik jist\u00ed a cht\u011bj\u00ed upevnit svoje znalosti. Je to p\u0159\u00edle\u017eitost sd\u00edlet svoje zku\u0161enosti z&nbsp;praxe a ot\u00e1zky, kter\u00e9 z&nbsp;n\u00ed vyvstaly.<\/p>\n\n<p>\u010cek\u00e1 na V\u00e1s s\u00e9rie setk\u00e1n\u00ed (tv\u00e1\u0159\u00ed v&nbsp;tv\u00e1\u0159 i online) na r\u016fzn\u00e1 t\u00e9mata, kter\u00e1 se t\u00fdkaj\u00ed u\u017e\u00edv\u00e1n\u00ed Hoganov\u00fdch metod. Zam\u011b\u0159\u00edme na prohlouben\u00ed znalost\u00ed a dovednost\u00ed p\u0159i interpretaci jako takov\u00e9, a\u0165 u\u017e p\u016fjde o sub\u0161k\u00e1ly, kombinov\u00e1n\u00ed \u0161k\u00e1l anebopropojov\u00e1n\u00ed v\u00fdsledk\u016f ze v\u0161ech t\u0159\u00ed dotazn\u00edk\u016f dohromady. Nevynech\u00e1me diskuzi nad sv\u00edzeln\u00fdmi situacemi, do kter\u00fdch se b\u011bhem interpretace m\u016f\u017eeme dostat (protich\u016fdn\u00e9 v\u00fdsledky, nevalidn\u00ed zpr\u00e1vy, impression management apod.) V\u011bnovat se ale budeme tak\u00e9 mo\u017enostem vyu\u017eit\u00ed dotazn\u00edk\u016f v&nbsp;r\u016fzn\u00fdch kontextech s&nbsp;r\u016fzn\u00fdmi c\u00edli.<\/p>\n\n<p>Klademe d\u016fraz na to, abychom nez\u016fst\u00e1vali pouze v&nbsp;teoretick\u00e9 rovin\u011b, proto se m\u016f\u017eete t\u011b\u0161it na konkr\u00e9tn\u00ed p\u0159\u00edklady z&nbsp;praxe, usly\u0161\u00edte p\u0159\u00edb\u011bhy re\u00e1ln\u00fdch projekt\u016f z&nbsp;oblasti v\u00fdb\u011bru anebo rozvoje zam\u011bstnanc\u016f, kde Hoganovy metody hr\u00e1ly roli.<\/p>\n\n<p>CENA<\/p>\n\n<p>\u010clenstv\u00ed v&nbsp;HOGAN CLUBU v\u010detn\u011b \u00fa\u010dasti na v\u0161ech setk\u00e1n\u00edch je zdarma.<\/p>\n\n<p><\/p>\n\n<p>BENEFITY: <\/p>\n\n<p><\/p>\n\n<ul class=\"wp-block-list\">\n<li>M\u016f\u017eete se pravideln\u011b setk\u00e1vat s Hogan certifikovan\u00fdmi experty.<\/li>\n\n\n\n<li>Z\u00edsk\u00e1te p\u0159\u00edstup k exkluzivn\u00edm materi\u00e1l\u016fm v\u010detn\u011b p\u0159\u00edpadov\u00fdch studi\u00ed, \u010dl\u00e1nk\u016f, n\u00e1vod\u016f k interpretaci, prezentac\u00ed a v\u011bdeck\u00fdch publikac\u00ed<\/li>\n\n\n\n<li>Budete v\u011bd\u011bt v\u0161echny novinky jako prvn\u00ed<\/li>\n<\/ul>\n\n<div data-wp-interactive=\"core\/file\" class=\"wp-block-file\"><object data-wp-bind--hidden=\"!state.hasPdfPreview\" hidden class=\"wp-block-file__embed\" data=\"https:\/\/hoganclub.asystems.as\/wp-content\/uploads\/2023\/09\/Program_Hogan_Club_2024.pdf\" type=\"application\/pdf\" style=\"width:100%;height:376px\" aria-label=\"Vlo\u017ei\u0165 Program Hogan Club 2024.\"><\/object><a id=\"wp-block-file--media-4a8803e7-bc41-4808-9572-4ea699bec3fa\" href=\"https:\/\/hoganclub.asystems.as\/wp-content\/uploads\/2023\/09\/Program_Hogan_Club_2024.pdf\">Program Hogan Club 2024<\/a><a href=\"https:\/\/hoganclub.asystems.as\/wp-content\/uploads\/2023\/09\/Program_Hogan_Club_2024.pdf\" class=\"wp-block-file__button wp-element-button\" download aria-describedby=\"wp-block-file--media-4a8803e7-bc41-4808-9572-4ea699bec3fa\">Download<\/a><\/div>\n\n<hr class=\"wp-block-separator has-alpha-channel-opacity\"\/>\n\r\n                <div class=\"cta\">\r\n            <div class=\"cta__content content content--regular\">\r\n\r\n                                    <div class=\"cta__text\">Registrujte se!<\/div>\r\n                \r\n                \r\n                                            <a href=\"https:\/\/hoganclub.asystems.as\/registrace\/\"  class=\"button button--white\">Zde<\/a>\r\n                    \r\n                \r\n            <\/div>\r\n        <\/div>\r\n    \r\n    <div class=\"popup js-popup\">\r\n        <div class=\"popup__inside\">\r\n            <div class=\"popup__close js-close-popup\"><\/div>\r\n                    <\/div>\r\n    <\/div>\r\n\r\n\n<hr class=\"wp-block-separator has-alpha-channel-opacity\"\/>\n<\/div><!--\/ .container -->\n<\/section><!--\/ .group -->\n","protected":false},"excerpt":{"rendered":"<p>V\u00edtejte na str\u00e1nk\u00e1ch HOGAN KLUBU. Na\u0161\u00edm c\u00edlem je poskytnout V\u00e1m inspirativn\u00ed prostor pro pozn\u00e1v\u00e1n\u00ed a setk\u00e1v\u00e1n\u00ed se s odborn\u00edky a&#8230;<\/p>\n","protected":false},"author":1,"featured_media":0,"parent":0,"menu_order":0,"comment_status":"closed","ping_status":"closed","template":"","meta":{"footnotes":""},"class_list":["post-1239","page","type-page","status-publish","hentry"],"acf":[],"_links":{"self":[{"href":"https:\/\/hoganclub.asystems.as\/sk\/wp-json\/wp\/v2\/pages\/1239","targetHints":{"allow":["GET"]}}],"collection":[{"href":"https:\/\/hoganclub.asystems.as\/sk\/wp-json\/wp\/v2\/pages"}],"about":[{"href":"https:\/\/hoganclub.asystems.as\/sk\/wp-json\/wp\/v2\/types\/page"}],"author":[{"embeddable":true,"href":"https:\/\/hoganclub.asystems.as\/sk\/wp-json\/wp\/v2\/users\/1"}],"replies":[{"embeddable":true,"href":"https:\/\/hoganclub.asystems.as\/sk\/wp-json\/wp\/v2\/comments?post=1239"}],"version-history":[{"count":5,"href":"https:\/\/hoganclub.asystems.as\/sk\/wp-json\/wp\/v2\/pages\/1239\/revisions"}],"predecessor-version":[{"id":1571,"href":"https:\/\/hoganclub.asystems.as\/sk\/wp-json\/wp\/v2\/pages\/1239\/revisions\/1571"}],"wp:attachment":[{"href":"https:\/\/hoganclub.asystems.as\/sk\/wp-json\/wp\/v2\/media?parent=1239"}],"curies":[{"name":"wp","href":"https:\/\/api.w.org\/{rel}","templated":true}]}}