{"id":1454,"date":"2023-02-15T10:46:47","date_gmt":"2023-02-15T09:46:47","guid":{"rendered":"https:\/\/hoganclub.asystems.as\/materialy-ke-stazeni\/"},"modified":"2023-05-16T13:12:26","modified_gmt":"2023-05-16T11:12:26","slug":"materialy-ke-stazeni","status":"publish","type":"page","link":"https:\/\/hoganclub.asystems.as\/sk\/materialy-ke-stazeni\/","title":{"rendered":"Materi\u00e1ly ke sta\u017een\u00ed"},"content":{"rendered":"","protected":false},"excerpt":{"rendered":"","protected":false},"author":1,"featured_media":0,"parent":0,"menu_order":4,"comment_status":"closed","ping_status":"closed","template":"template-pages\/page-materials.php","meta":{"footnotes":""},"class_list":["post-1454","page","type-page","status-publish","hentry"],"acf":[],"_links":{"self":[{"href":"https:\/\/hoganclub.asystems.as\/sk\/wp-json\/wp\/v2\/pages\/1454","targetHints":{"allow":["GET"]}}],"collection":[{"href":"https:\/\/hoganclub.asystems.as\/sk\/wp-json\/wp\/v2\/pages"}],"about":[{"href":"https:\/\/hoganclub.asystems.as\/sk\/wp-json\/wp\/v2\/types\/page"}],"author":[{"embeddable":true,"href":"https:\/\/hoganclub.asystems.as\/sk\/wp-json\/wp\/v2\/users\/1"}],"replies":[{"embeddable":true,"href":"https:\/\/hoganclub.asystems.as\/sk\/wp-json\/wp\/v2\/comments?post=1454"}],"version-history":[{"count":1,"href":"https:\/\/hoganclub.asystems.as\/sk\/wp-json\/wp\/v2\/pages\/1454\/revisions"}],"predecessor-version":[{"id":1457,"href":"https:\/\/hoganclub.asystems.as\/sk\/wp-json\/wp\/v2\/pages\/1454\/revisions\/1457"}],"wp:attachment":[{"href":"https:\/\/hoganclub.asystems.as\/sk\/wp-json\/wp\/v2\/media?parent=1454"}],"curies":[{"name":"wp","href":"https:\/\/api.w.org\/{rel}","templated":true}]}}