{"id":1238,"date":"2023-03-01T09:37:36","date_gmt":"2023-03-01T08:37:36","guid":{"rendered":"https:\/\/hoganclub.asystems.as\/hogan-club\/"},"modified":"2023-10-11T13:40:09","modified_gmt":"2023-10-11T11:40:09","slug":"hogan-club","status":"publish","type":"page","link":"https:\/\/hoganclub.asystems.as\/sr\/hogan-club\/","title":{"rendered":"Hogan klub"},"content":{"rendered":"\r\n    \r\n    <div class=\"hero\">\r\n        <div class=\"hero__content content content--regular\">\r\n            <div class=\"hero__inside-wrapper\">\r\n\r\n                \r\n                <h1 class=\"hero__title\">\u0160ta je Hogan klub? <\/h1>\r\n\r\n                \r\n                \r\n            <\/div>\r\n\r\n            \r\n        <\/div>\r\n\r\n        \r\n    <\/div>\r\n\r\n\n\n<section class=\"section \">\n<div class=\"content content--regular global-style\">\n\n<p>Dobrodo\u0161li na web stranicu HOGAN KLUBA. Na\u0161 cilj je da vam pru\u017eimo inspirativan prostor za upoznavanje i susret sa stru\u010dnjacima i kolegama iz sli\u010dnih podru\u010dja koji dele interesovanje za Hoganove metode.<\/p>\n\n<p>Korist \u0107e imati kako dugogodi\u0161nji korisnici, koji mogu ste\u0107i novo gledi\u0161te o primeni Hoganovih metoda, tako i \u201cve\u010dni po\u010detnici\u201d koji jo\u0161 nisu toliko sigurni u tuma\u010denje, a \u017eele u\u010dvrstiti svoje znanje. To je prilika da podelite svoje iskustvo iz prakse i pitanja koja su iz nje proiza\u0161la. O\u010dekuje vas niz sastanaka (licem u lice i online) na razli\u010dite teme vezane uz kori\u0161\u0107enje Hoganovih metoda. Fokusira\u0107emo se na produbljivanje znanja i ve\u0161tina interpretacije kao takve, bilo da se radi o subskalama, kombinovanju skala ili povezivanju rezultata iz sva tri upitnika. Ne\u0107emo propustiti raspravu o te\u0161kim situacijama u koje se mo\u017eemo na\u0107i tokom tuma\u010denja (kontradiktorni rezultati, neva\u017ee\u0107i izve\u0161taji, upravljanje utiskom itd.), ali \u0107emo se tako\u0111e skoncentrisati i na mogu\u0107nosti kori\u0161\u0107enja upitnika u razli\u010ditim kontekstima, sa razli\u010ditim ciljevima. Isti\u010demo da ne ostajemo samo na teoretskom nivou, pa vas o\u010dekuju i konkretni primeri iz prakse, \u010du\u0107ete pri\u010de o stvarnim projektima na podru\u010dju selekcije ili razvoja zaposlenih, gde su Hoganove metode odigrale svoju ulogu.<\/p>\n\n<p>CENA<\/p>\n\n<p>\u010clanstvo u HOGAN KLUBU, uklju\u010duju\u0107i u\u010destvovanje na svim sastancima, je besplatno.<\/p>\n\n<p><\/p>\n\n<p>BENEFITI: <\/p>\n\n<p><\/p>\n\n<ul class=\"wp-block-list\">\n<li>Mo\u017eete se redovno sastajati s Hogan sertifikovanim stru\u010dnjacima.<\/li>\n\n\n\n<li>Dobijate pristup ekskluzivnim materijalima, uklju\u010duju\u0107i studije slu\u010daja, \u010dlanke, vodi\u010de za tuma\u010denje, prezentacije i nau\u010dne publikacije.<\/li>\n\n\n\n<li>Vi \u0107ete prvi saznati sve novosti.<\/li>\n<\/ul>\n\n<!-- <div class=\"wp-block-file\"><object class=\"wp-block-file__embed\" data=\"https:\/\/hoganclub.asystems.as\/wp-content\/uploads\/2023\/09\/Program_Hogan_Club_2024.pdf\" type=\"application\/pdf\" style=\"width:100%;height:376px\" aria-label=\"Program Hogan Club 2024\"><\/object><a id=\"wp-block-file--media-4a8803e7-bc41-4808-9572-4ea699bec3fa\" href=\"https:\/\/hoganclub.asystems.as\/wp-content\/uploads\/2023\/09\/Program_Hogan_Club_2024.pdf\">Program Hogan Club 2024<\/a><a href=\"https:\/\/hoganclub.asystems.as\/wp-content\/uploads\/2023\/09\/Program_Hogan_Club_2024.pdf\" class=\"wp-block-file__button wp-element-button\" download aria-describedby=\"wp-block-file--media-4a8803e7-bc41-4808-9572-4ea699bec3fa\">Download<\/a><\/div> -->\n\n<hr class=\"wp-block-separator has-alpha-channel-opacity\"\/>\n\r\n                <div class=\"cta\">\r\n            <div class=\"cta__content content content--regular\">\r\n\r\n                                    <div class=\"cta__text\">Registrujte se!<\/div>\r\n                \r\n                \r\n                                            <a href=\"https:\/\/hoganclub.asystems.as\/sr\/registration\/\"  class=\"button button--white\">Ovde<\/a>\r\n                    \r\n                \r\n            <\/div>\r\n        <\/div>\r\n    \r\n    <div class=\"popup js-popup\">\r\n        <div class=\"popup__inside\">\r\n            <div class=\"popup__close js-close-popup\"><\/div>\r\n                    <\/div>\r\n    <\/div>\r\n\r\n\n<hr class=\"wp-block-separator has-alpha-channel-opacity\"\/>\n<\/div><!--\/ .container -->\n<\/section><!--\/ .group -->\n","protected":false},"excerpt":{"rendered":"<p>Dobrodo\u0161li na web stranicu HOGAN KLUBA. Na\u0161 cilj je da vam pru\u017eimo inspirativan prostor za upoznavanje i susret sa stru\u010dnjacima&#8230;<\/p>\n","protected":false},"author":1,"featured_media":0,"parent":0,"menu_order":0,"comment_status":"closed","ping_status":"closed","template":"","meta":{"footnotes":""},"class_list":["post-1238","page","type-page","status-publish","hentry"],"acf":[],"_links":{"self":[{"href":"https:\/\/hoganclub.asystems.as\/sr\/wp-json\/wp\/v2\/pages\/1238","targetHints":{"allow":["GET"]}}],"collection":[{"href":"https:\/\/hoganclub.asystems.as\/sr\/wp-json\/wp\/v2\/pages"}],"about":[{"href":"https:\/\/hoganclub.asystems.as\/sr\/wp-json\/wp\/v2\/types\/page"}],"author":[{"embeddable":true,"href":"https:\/\/hoganclub.asystems.as\/sr\/wp-json\/wp\/v2\/users\/1"}],"replies":[{"embeddable":true,"href":"https:\/\/hoganclub.asystems.as\/sr\/wp-json\/wp\/v2\/comments?post=1238"}],"version-history":[{"count":11,"href":"https:\/\/hoganclub.asystems.as\/sr\/wp-json\/wp\/v2\/pages\/1238\/revisions"}],"predecessor-version":[{"id":1658,"href":"https:\/\/hoganclub.asystems.as\/sr\/wp-json\/wp\/v2\/pages\/1238\/revisions\/1658"}],"wp:attachment":[{"href":"https:\/\/hoganclub.asystems.as\/sr\/wp-json\/wp\/v2\/media?parent=1238"}],"curies":[{"name":"wp","href":"https:\/\/api.w.org\/{rel}","templated":true}]}}