{"id":1268,"date":"2023-02-14T09:30:05","date_gmt":"2023-02-14T08:30:05","guid":{"rendered":"https:\/\/hoganclub.asystems.as\/uvod\/"},"modified":"2024-02-06T13:57:37","modified_gmt":"2024-02-06T12:57:37","slug":"uvod","status":"publish","type":"page","link":"https:\/\/hoganclub.asystems.as\/sr\/","title":{"rendered":"Home"},"content":{"rendered":"\r\n    \r\n    <div class=\"hero\">\r\n        <div class=\"hero__content content content--regular\">\r\n            <div class=\"hero__inside-wrapper\">\r\n\r\n                \r\n                <h1 class=\"hero__title\">HOGAN KLUB<\/h1>\r\n\r\n                                    <p class=\"hero__text\">Inspirativna platforma za korisnike Hoganovih metoda. <\/p>\r\n                \r\n                                    <a href=\"https:\/\/hoganclub.asystems.as\/sr\/hogan-club\/\"  class=\"button\">Prika\u017ei vi\u0161e<\/a>\r\n                \r\n            <\/div>\r\n\r\n                            <img loading=\"lazy\" decoding=\"async\" width=\"523\" height=\"555\" src=\"https:\/\/hoganclub.asystems.as\/wp-content\/uploads\/2023\/02\/hogan.png\" class=\"hero__person\" alt=\"\" srcset=\"https:\/\/hoganclub.asystems.as\/wp-content\/uploads\/2023\/02\/hogan.png 523w, https:\/\/hoganclub.asystems.as\/wp-content\/uploads\/2023\/02\/hogan-283x300.png 283w\" sizes=\"auto, (max-width: 523px) 100vw, 523px\" \/>            \r\n        <\/div>\r\n\r\n                    <div class=\"hero__image\">\r\n                <img fetchpriority=\"high\" decoding=\"async\" width=\"1920\" height=\"700\" src=\"https:\/\/hoganclub.asystems.as\/wp-content\/uploads\/2023\/02\/header-background-temporary-1-1920x700.jpg\" class=\"absolute-image\" alt=\"\" loading=\"eager\" \/>            <\/div>\r\n        \r\n    <\/div>\r\n\r\n\n\n<section class=\"section is-style-section--pattern\">\n<div class=\"content content--regular global-style\">\n\r\n    <h3>Pro\u0161li doga\u0111aji<\/h3><div class=\"passed-events\">                <a href=\"https:\/\/hoganclub.asystems.as\/sr\/event\/hogan-i-timovi\/\" class=\"passed-events__item\">\r\n                    <h3 class=\"passed-events__title\">Adria Hogan doga\u0111aj<\/h3>\r\n                    <div class=\"passed-events__perex\">\r\n                        <p>Okupljanje grupe talentovanih pojedinaca ne zna\u010di stvaranje tima sa visokim u\u010dinkom. Kako stec\u0301i bolju predstavu o dinamici tima i razumeti kako pojedini \u010dlanovi uti\u010du jedni na druge?<\/p>\n                    <\/div>\r\n                    <div class=\"passed-events__date\">29. 6. 2023<\/div>\r\n                <\/a>\r\n                <\/div>\r\n\n<h2 class=\"wp-block-heading\">Download<\/h2>\n\r\n            <div class=\"materials\">\r\n        <div class=\"materials__tab\">\r\n\r\n                                                        <div class=\"materials__tab-item js-tab-selector active\" data-tab=\"1\">\r\n                    <div class=\"materials__tab-title\">\u010clanci<\/div>\r\n                                            <div class=\"materials__tab-subheading\">Inspiri\u0161ite se<\/div>\r\n                                    <\/div>\r\n                                            <div class=\"materials__tab-item js-tab-selector \" data-tab=\"2\">\r\n                    <div class=\"materials__tab-title\">Studije slu\u010daja<\/div>\r\n                                            <div class=\"materials__tab-subheading\">Pro\u010ditajte vi\u0161e&#8230;<\/div>\r\n                                    <\/div>\r\n            \r\n        <\/div>\r\n\r\n        <div class=\"materials__content\">\r\n\r\n                                                        <div class=\"materials__content-item js-tab-content active\" data-tab=\"1\">\r\n                    <div class=\"materials__content-item-content\">\r\n\r\n                                                    <h6 class=\"materials__content-subheading\">\u010clanci<\/h6>\r\n                        \r\n                                                    <h3 class=\"materials__content-title\">Zavirite dalje od naslova na\u0161ih \u010dlanaka<\/h3>\r\n                        \r\n                                                    <div class=\"materials__content-perex\">\r\n                                <p>Interesantan sadr\u017eaj koji ne treba da propustite!<\/p>\r\n                            <\/div>\r\n                        \r\n                                                    <a href=\"https:\/\/hoganclub.asystems.as\/sr\/downloadable-materials\/?material-category=clanci-sr\"  class=\"button\">Pregledajte \u010dlanke<\/a>\r\n                        \r\n                    <\/div>\r\n                                            <div class=\"materials__content-item-image\">\r\n                            <img loading=\"lazy\" decoding=\"async\" width=\"381\" height=\"381\" src=\"https:\/\/hoganclub.asystems.as\/wp-content\/uploads\/2023\/02\/shape.png\" class=\"attachment-full size-full\" alt=\"\" srcset=\"https:\/\/hoganclub.asystems.as\/wp-content\/uploads\/2023\/02\/shape.png 381w, https:\/\/hoganclub.asystems.as\/wp-content\/uploads\/2023\/02\/shape-300x300.png 300w\" sizes=\"auto, (max-width: 381px) 100vw, 381px\" \/>                        <\/div>\r\n                                    <\/div>\r\n                                            <div class=\"materials__content-item js-tab-content \" data-tab=\"2\">\r\n                    <div class=\"materials__content-item-content\">\r\n\r\n                                                    <h6 class=\"materials__content-subheading\">Studije slu\u010daja<\/h6>\r\n                        \r\n                        \r\n                                                    <div class=\"materials__content-perex\">\r\n                                <p>Neke studije slu\u010daja koje ne treba da propustite<\/p>\r\n                            <\/div>\r\n                        \r\n                                                    <a href=\"https:\/\/hoganclub.asystems.as\/sr\/downloadable-materials\/?material-category=studije-slucaja-sr\"  class=\"button\">Link na studije<\/a>\r\n                        \r\n                    <\/div>\r\n                                            <div class=\"materials__content-item-image\">\r\n                            <img loading=\"lazy\" decoding=\"async\" width=\"381\" height=\"381\" src=\"https:\/\/hoganclub.asystems.as\/wp-content\/uploads\/2023\/02\/shape.png\" class=\"attachment-full size-full\" alt=\"\" srcset=\"https:\/\/hoganclub.asystems.as\/wp-content\/uploads\/2023\/02\/shape.png 381w, https:\/\/hoganclub.asystems.as\/wp-content\/uploads\/2023\/02\/shape-300x300.png 300w\" sizes=\"auto, (max-width: 381px) 100vw, 381px\" \/>                        <\/div>\r\n                                    <\/div>\r\n            \r\n\r\n        <\/div>\r\n    <\/div>\r\n    \r\n<\/div><!--\/ .container -->\n<\/section><!--\/ .group -->\n\n\n\r\n                <div class=\"cta\">\r\n            <div class=\"cta__content content content--regular\">\r\n\r\n                                    <div class=\"cta__text\">Pridru\u017eite se na\u0161em HOGAN klubu!<\/div>\r\n                \r\n                \r\n                                            <a href=\"https:\/\/hoganclub.asystems.as\/registrace\/\"  class=\"button button--white\">Nastavite<\/a>\r\n                    \r\n                \r\n            <\/div>\r\n        <\/div>\r\n    \r\n    <div class=\"popup js-popup\">\r\n        <div class=\"popup__inside\">\r\n            <div class=\"popup__close js-close-popup\"><\/div>\r\n                    <\/div>\r\n    <\/div>\r\n\r\n\n\n<section class=\"section is-style-section--normal\">\n<div class=\"content content--regular global-style\">\n\r\n                        <div class=\"image-content-block \" id=\"media\">\r\n\r\n            \r\n                            \r\n                <div class=\"image-content-block__item \">\r\n\r\n                                            <div class=\"image-content-block__image\">\r\n                            <div class=\"video\">\r\n\r\n                                <div class=\"video__play js-play-video\"><\/div>\r\n\r\n                                <img loading=\"lazy\" decoding=\"async\" width=\"550\" height=\"330\" src=\"https:\/\/hoganclub.asystems.as\/wp-content\/uploads\/2023\/02\/Snimek-obrazovky-2023-02-22-v-9.11.45-550x330.png\" class=\"video__thumbnail js-video-image\" alt=\"\" srcset=\"https:\/\/hoganclub.asystems.as\/wp-content\/uploads\/2023\/02\/Snimek-obrazovky-2023-02-22-v-9.11.45-550x330.png 550w, https:\/\/hoganclub.asystems.as\/wp-content\/uploads\/2023\/02\/Snimek-obrazovky-2023-02-22-v-9.11.45-400x240.png 400w\" sizes=\"auto, (max-width: 550px) 100vw, 550px\" \/>\r\n                                <iframe width=\"560\" height=\"315\" data-src=\"https:\/\/www.youtube.com\/embed\/_wQpFIctjik\" title=\"YouTube video player\" frameborder=\"0\" allow=\"accelerometer; autoplay; clipboard-write; encrypted-media; gyroscope; picture-in-picture; web-share\" allowfullscreen><\/iframe>                            <\/div>\r\n                        <\/div>\r\n                    \r\n                    <div class=\"image-content-block__content\">\r\n\r\n                                                    <h6>Media<\/h6>\r\n                        \r\n                                                    <h3 class=\"image-content-block__title\">Robert Hogan o zna\u010daju skromnosti za lidere<\/h3>\r\n                        \r\n                                                    <div class=\"image-content-block__image-mobile\">\r\n                                <div class=\"video\">\r\n\r\n                                    <div class=\"video__play js-play-video\"><\/div>\r\n\r\n                                    <img loading=\"lazy\" decoding=\"async\" width=\"550\" height=\"330\" src=\"https:\/\/hoganclub.asystems.as\/wp-content\/uploads\/2023\/02\/Snimek-obrazovky-2023-02-22-v-9.11.45-550x330.png\" class=\"video__thumbnail js-video-image\" alt=\"\" srcset=\"https:\/\/hoganclub.asystems.as\/wp-content\/uploads\/2023\/02\/Snimek-obrazovky-2023-02-22-v-9.11.45-550x330.png 550w, https:\/\/hoganclub.asystems.as\/wp-content\/uploads\/2023\/02\/Snimek-obrazovky-2023-02-22-v-9.11.45-400x240.png 400w\" sizes=\"auto, (max-width: 550px) 100vw, 550px\" \/>\r\n                                    <iframe width=\"560\" height=\"315\" data-src=\"https:\/\/www.youtube.com\/embed\/_wQpFIctjik\" title=\"YouTube video player\" frameborder=\"0\" allow=\"accelerometer; autoplay; clipboard-write; encrypted-media; gyroscope; picture-in-picture; web-share\" allowfullscreen><\/iframe>                                <\/div>\r\n                            <\/div>\r\n                        \r\n                                                    <div class=\"image-content-block__text\">\r\n                                <p>Suprotno uvre\u017eenom mi\u0161ljenju, organizacije bi trebalo da tra\u017ee skromnost kod lidera, a ne harizmu. Skromni vo\u0111a usmerava energiju u pobolj\u0161anje organizacije, dok harizmati\u010dni lideri ostavljaju trag haosa i propasti.<\/p>\r\n                            <\/div>\r\n                        \r\n                                            <\/div>\r\n\r\n                <\/div>\r\n\r\n            \r\n            \r\n        <\/div>\r\n    \r\n\r\n<\/div><!--\/ .container -->\n<\/section><!--\/ .group -->\n","protected":false},"excerpt":{"rendered":"<p>Download<\/p>\n","protected":false},"author":1,"featured_media":0,"parent":0,"menu_order":1,"comment_status":"closed","ping_status":"closed","template":"","meta":{"footnotes":""},"class_list":["post-1268","page","type-page","status-publish","hentry"],"acf":[],"_links":{"self":[{"href":"https:\/\/hoganclub.asystems.as\/sr\/wp-json\/wp\/v2\/pages\/1268","targetHints":{"allow":["GET"]}}],"collection":[{"href":"https:\/\/hoganclub.asystems.as\/sr\/wp-json\/wp\/v2\/pages"}],"about":[{"href":"https:\/\/hoganclub.asystems.as\/sr\/wp-json\/wp\/v2\/types\/page"}],"author":[{"embeddable":true,"href":"https:\/\/hoganclub.asystems.as\/sr\/wp-json\/wp\/v2\/users\/1"}],"replies":[{"embeddable":true,"href":"https:\/\/hoganclub.asystems.as\/sr\/wp-json\/wp\/v2\/comments?post=1268"}],"version-history":[{"count":24,"href":"https:\/\/hoganclub.asystems.as\/sr\/wp-json\/wp\/v2\/pages\/1268\/revisions"}],"predecessor-version":[{"id":1707,"href":"https:\/\/hoganclub.asystems.as\/sr\/wp-json\/wp\/v2\/pages\/1268\/revisions\/1707"}],"wp:attachment":[{"href":"https:\/\/hoganclub.asystems.as\/sr\/wp-json\/wp\/v2\/media?parent=1268"}],"curies":[{"name":"wp","href":"https:\/\/api.w.org\/{rel}","templated":true}]}}