{"id":1633,"date":"2023-02-14T16:49:00","date_gmt":"2023-02-14T15:49:00","guid":{"rendered":"https:\/\/hoganclub.asystems.as\/?page_id=1633"},"modified":"2023-10-09T11:09:18","modified_gmt":"2023-10-09T09:09:18","slug":"obavestenje-o-upotrebi-kolacica","status":"publish","type":"page","link":"https:\/\/hoganclub.asystems.as\/sr\/obavestenje-o-upotrebi-kolacica\/","title":{"rendered":"Upotreba kola\u010di\u0107a"},"content":{"rendered":"<section class=\"section \">\n<div class=\"content content--regular global-style\">\n<section class=\"section \">\n<div class=\"content content--regular global-style\">\n<section class=\"section \">\n<div class=\"content content--regular global-style\">\n\n<p> <\/p>\n\n<h1 class=\"wp-block-heading\">OBAVE\u0160TENJE O UPOTREBI KOLA\u010cI\u0106A<\/h1>\n\n<p>ASI mo\u017ee koristiti kola\u010di\u0107e pretra\u017eiva\u010da na na\u0161oj veb stranici za pra\u0107enje va\u0161eg prometa. &#8220;Kola\u010di\u0107&#8221; je mala koli\u010dina podataka koju veb server \u0161alje va\u0161em pretra\u017eiva\u010du i \u010duva na hard disku va\u0161eg ra\u010dunara. Zahvaljuju\u0107i kola\u010di\u0107ima, ASI mo\u017ee pru\u017eiti bolje i relevantnije korisni\u010dko iskustvo. Osim toga, kori\u0161\u0107enje kola\u010di\u0107a omogu\u0107uje ASI-ju automatizovanje pristupa delovima veb stranice za\u0161ti\u0107enim lozinkom, tako da ne morate iznova da unosite svoju lozinku kad god posetite na\u0161u veb stranicu. Tako\u0111e, koristimo kola\u010di\u0107e kako bismo odredili koji su delovi veb stranice najpopularniji me\u0111u na\u0161im korisnicima i kako bismo bolje razumeli korisni\u010dku upotrebu veb stranice uop\u0161te. U ve\u0107ini veb pretra\u017eiva\u010da mo\u017eete izbrisati kola\u010di\u0107e s hard diska, postaviti blokiranje svih kola\u010di\u0107a ili prikazati upozorenje pre nego \u0161to se kola\u010di\u0107i sa\u010duvaju na va\u0161em ra\u010dunaru. Preporu\u010dujemo da pro\u010ditate uputstva za pretra\u017eiva\u010d ili ekran za pomo\u0107; tako\u0111e \u0107ete dobiti vi\u0161e informacija o ovim funkcijama i kako da ih koristite. Ne zaboravite da mo\u017eda ne\u0107ete mo\u0107i da otvorite odre\u0111ene odeljke ili funkcije veb stranice ako va\u0161 pretra\u017eiva\u010d ne dopu\u0161ta kola\u010di\u0107e. Za vi\u0161e informacija o kori\u0161\u0107enju kola\u010di\u0107a posetite www.allaboutcookies.org.<\/p>\n\n<p>Neke od kola\u010dic\u0301a koje koristimo obezbe\u0111uju kompanije trec\u0301e strane, kao \u0161to su Hubspot i Google, preko kojih dobijamo analize i podatke o na\u0161oj veb stranici. Ove kompanije imaju programe koji prikupljaju informacije o va\u0161oj interakciji sa na\u0161im sajtovima, kao \u0161to su stranice koje posec\u0301ujete, na koje veze kliknete i koliko vremena provodite na na\u0161im veb lokacijama. Za vi\u0161e informacija o tome kako ove kompanije prikupljaju i rukuju va\u0161im podacima, pro\u010ditajte njihove politike privatnosti: Hubspot na <a href=\"http:\/\/legal.hubspot.com\/privacy-policy\" data-type=\"link\" data-id=\"http:\/\/legal.hubspot.com\/privacy-policy\">Hubspot politici privatnosti<\/a> i Google na <a href=\"http:\/\/policies.google.com\/privacy?hl=cs\">Google politici privatnosti<\/a>. Veb lokacija ASI koristi Google analitiku, uslugu veb analize koju pru\u017ea Google, Inc. (\u201eGoogle\u201c). Google analitika koristi \u201ekola\u010dic\u0301e\u201c, odnosno tekstualne datoteke postavljene na va\u0161 ra\u010dunar, koje poma\u017eu veb lokaciji da analizira kako korisnici koriste sajt. Informacije koje generi\u0161u kola\u010dic\u0301i o tome kako koristite veb lokaciju (uklju\u010dujuc\u0301i va\u0161u IP adresu) c\u0301e Google preneti i uskladi\u0161titi na serverima u Sjedinjenim Dr\u017eavama. Google c\u0301e koristiti ove informacije samo za analizu na\u010dina na koji koristite veb lokaciju, za sastavljanje izve\u0161taja o aktivnostima veb sajta za operatera veb lokacije i za pru\u017eanje drugih usluga u vezi sa aktivnostima veb stranice i kori\u0161c\u0301enjem interneta. Google tako\u0111e mo\u017ee da pru\u017ei ove informacije trec\u0301im licima ako to zahteva zakon ili ako te trec\u0301e strane obra\u0111uju informacije za Google. Google nec\u0301e povezivati va\u0161u IP adresu sa drugim podacima koje dr\u017ei Google. Posetom ovog veb-sajta saglasni ste da Google mo\u017ee da obra\u0111uje podatke o vama na na\u010din i u svrhe opisane iznad. Za vi\u0161e informacija o Google analitici posetite:&nbsp;<a href=\"http:\/\/support.google.com\/analitics\/ansver\/6004245?hl=sr\">http:\/\/support.google.com\/analitics\/ansver\/6004245?hl=sr<\/a>.<\/p>\n\n<p>ASI tako\u0111e koristi veb svetionike (poznati i kao Internet tagovi i prozirne GIF slike), uklju\u010dujuc\u0301i piksele za konverziju, kao i druge tehnologije u sli\u010dne svrhe kao gore pomenuta Google analitika. Koristimo ove tehnologije na na\u0161oj veb stranici, u na\u0161im biltenima i\/ili u promotivnim materijalima da bismo utvrdili da li su poruke otvorene i linkovi kliknuti. Veb svetionici ne \u010duvaju nikakve podatke na va\u0161em ure\u0111aju. MailChimp koristi ove tehnologije u na\u0161im biltenima. Za vi\u0161e informacija o veb svetionicima, posetite njihovu <a href=\"http:\/\/mailchimp.com\/legal\/privacy\/\">Politiku privatnosti<\/a>.<\/p>\n\n<p> <\/p>\n<\/div><!--\/ .container -->\n<\/section><!--\/ .group -->\n<section class=\"section \">\n<div class=\"content content--regular global-style\">\n\n<h2 class=\"wp-block-heading\">SPOLJNE VEZE I PLAGINOVI<\/h2>\n\n<p>ASI nije odgovoran za politiku privatnosti ili sadr\u017eaj veb lokacija koje nisu ASI na koje upuc\u0301ujemo preko spoljnih veza i\/ili plaginova (obi\u010dno dru\u0161tvenih mre\u017ea) na na\u0161oj veb stranici. Ako kliknete na ove veze i\/ili plaginove, va\u0161i li\u010dni podaci c\u0301e biti podeljeni sa tom spoljnom veb lokacijom. Kada napustite na\u0161 sajt, obrada va\u0161ih podataka vi\u0161e nije pod kontrolom nas i ove Politike. Kada kliknete na dodatak za dru\u0161tvene mre\u017ee (ozna\u010den odgovarajuc\u0301im simbolom), va\u0161i li\u010dni podaci se dele sa tom veb lokacijom. Ovo je IP adresa, informacija o stranici koja vas je uputila na nju, a ako imate automatsku prijavu na svom ure\u0111aju za dru\u0161tvene mre\u017ee, ona c\u0301e dobiti informacije o va\u0161em profilu. Klik na eksterne veze i plaginove je potpuno dobrovoljno, pa ako ne \u017eelite da se va\u0161i podaci obra\u0111uju na ovaj na\u010din, nemojte kliknuti na eksterne veze i plaginove.<\/p>\n\n<p> <\/p>\n<\/div><!--\/ .container -->\n<\/section><!--\/ .group -->\n<\/div><!--\/ .container -->\n<\/section><!--\/ .group -->\n<\/div><!--\/ .container -->\n<\/section><!--\/ .group -->\n","protected":false},"excerpt":{"rendered":"<p>OBAVE\u0160TENJE O UPOTREBI KOLA\u010cI\u0106A ASI mo\u017ee koristiti kola\u010di\u0107e pretra\u017eiva\u010da na na\u0161oj veb stranici za pra\u0107enje va\u0161eg prometa. &#8220;Kola\u010di\u0107&#8221; je mala&#8230;<\/p>\n","protected":false},"author":149,"featured_media":0,"parent":0,"menu_order":99,"comment_status":"closed","ping_status":"closed","template":"","meta":{"footnotes":""},"class_list":["post-1633","page","type-page","status-publish","hentry"],"acf":[],"_links":{"self":[{"href":"https:\/\/hoganclub.asystems.as\/sr\/wp-json\/wp\/v2\/pages\/1633","targetHints":{"allow":["GET"]}}],"collection":[{"href":"https:\/\/hoganclub.asystems.as\/sr\/wp-json\/wp\/v2\/pages"}],"about":[{"href":"https:\/\/hoganclub.asystems.as\/sr\/wp-json\/wp\/v2\/types\/page"}],"author":[{"embeddable":true,"href":"https:\/\/hoganclub.asystems.as\/sr\/wp-json\/wp\/v2\/users\/149"}],"replies":[{"embeddable":true,"href":"https:\/\/hoganclub.asystems.as\/sr\/wp-json\/wp\/v2\/comments?post=1633"}],"version-history":[{"count":5,"href":"https:\/\/hoganclub.asystems.as\/sr\/wp-json\/wp\/v2\/pages\/1633\/revisions"}],"predecessor-version":[{"id":1653,"href":"https:\/\/hoganclub.asystems.as\/sr\/wp-json\/wp\/v2\/pages\/1633\/revisions\/1653"}],"wp:attachment":[{"href":"https:\/\/hoganclub.asystems.as\/sr\/wp-json\/wp\/v2\/media?parent=1633"}],"curies":[{"name":"wp","href":"https:\/\/api.w.org\/{rel}","templated":true}]}}