{"id":1698,"date":"2023-02-14T16:36:40","date_gmt":"2023-02-14T15:36:40","guid":{"rendered":"https:\/\/hoganclub.asystems.as\/?page_id=1698"},"modified":"2024-02-06T13:18:01","modified_gmt":"2024-02-06T12:18:01","slug":"kontakt","status":"publish","type":"page","link":"https:\/\/hoganclub.asystems.as\/sr\/kontakt\/","title":{"rendered":"Kontakt"},"content":{"rendered":"<section class=\"section is-style-section--normal\">\n<div class=\"content content--regular global-style\">\n\n<h6 class=\"wp-block-heading\">Zainteresovani ste za na\u0161e usluge? <\/h6>\n\n<h1 class=\"wp-block-heading\">Kontaktirajte nas<\/h1>\n\n<h4 class=\"wp-block-heading\">Assessment Systems Adria<\/h4>\n\n<p><strong>BEOGRAD<\/strong><br>Vojvode Dobrnjca 52\/2<br>11 000, Beograd<br>Republika Srbija<\/p>\n\n<p><strong>SUBOTICA<\/strong><br>\u0110ure \u0110akovi\u0107a 9<br>24 000, Subotica<br>Republika Srbija<\/p>\n\n<div style=\"height:1em\" aria-hidden=\"true\" class=\"wp-block-spacer\"><\/div>\n\n<p class=\"is-style-phone\">+381 24 553 080<\/p>\n\n<p class=\"is-style-email\">adria@asystems.as<\/p>\n\n<h4 class=\"wp-block-heading\">Obrazac<\/h4>\n\n<div class=\"wp-block-contact-form-7-contact-form-selector\">\n<div class=\"wpcf7 no-js\" id=\"wpcf7-f1611-o1\" lang=\"cs-CZ\" dir=\"ltr\">\n<div class=\"screen-reader-response\"><p role=\"status\" aria-live=\"polite\" aria-atomic=\"true\"><\/p> <ul><\/ul><\/div>\n<form action=\"\/sr\/wp-json\/wp\/v2\/pages\/1698#wpcf7-f1611-o1\" method=\"post\" class=\"wpcf7-form init\" aria-label=\"Kontaktn\u00ed formul\u00e1\u0159\" novalidate=\"novalidate\" data-status=\"init\">\n<div style=\"display: none;\">\n<input type=\"hidden\" name=\"_wpcf7\" value=\"1611\" \/>\n<input type=\"hidden\" name=\"_wpcf7_version\" value=\"5.9.7\" \/>\n<input type=\"hidden\" name=\"_wpcf7_locale\" value=\"cs_CZ\" \/>\n<input type=\"hidden\" name=\"_wpcf7_unit_tag\" value=\"wpcf7-f1611-o1\" \/>\n<input type=\"hidden\" name=\"_wpcf7_container_post\" value=\"0\" \/>\n<input type=\"hidden\" name=\"_wpcf7_posted_data_hash\" value=\"\" \/>\n<\/div>\n<div class=\"input-wrapper\">\n    <label class=\"label\" for=\"full-name\">Ime <span>*<\/span><\/label>\n    <span class=\"wpcf7-form-control-wrap\" data-name=\"full-name\"><input size=\"40\" maxlength=\"400\" class=\"wpcf7-form-control wpcf7-text wpcf7-validates-as-required\" id=\"full-name\" aria-required=\"true\" aria-invalid=\"false\" value=\"\" type=\"text\" name=\"full-name\" \/><\/span>\n<\/div>\n<div class=\"input-wrapper\">\n    <label class=\"label\" for=\"email\">E-mail <span>*<\/span><\/label>\n    <span class=\"wpcf7-form-control-wrap\" data-name=\"email\"><input size=\"40\" maxlength=\"400\" class=\"wpcf7-form-control wpcf7-email wpcf7-validates-as-required wpcf7-text wpcf7-validates-as-email\" id=\"email\" aria-required=\"true\" aria-invalid=\"false\" value=\"\" type=\"email\" name=\"email\" \/><\/span>\n<\/div>\n<div class=\"input-wrapper\">\n    <label class=\"label\" for=\"phone\">Telefon<\/label>\n    <span class=\"wpcf7-form-control-wrap\" data-name=\"phone\"><input size=\"40\" maxlength=\"400\" class=\"wpcf7-form-control wpcf7-text\" id=\"phone\" aria-invalid=\"false\" value=\"\" type=\"text\" name=\"phone\" \/><\/span>\n<\/div>\n<div class=\"input-wrapper\">\n\t<label class=\"label\" for=\"message\">Va\u0161a poruka <span>*<\/span><\/label>\n\t<span class=\"wpcf7-form-control-wrap\" data-name=\"message\"><textarea cols=\"40\" rows=\"4\" maxlength=\"2000\" class=\"wpcf7-form-control wpcf7-textarea wpcf7-validates-as-required\" id=\"message\" aria-required=\"true\" aria-invalid=\"false\" name=\"message\"><\/textarea><\/span>\n<\/div>\n\n<span id=\"wpcf7-69f45ac43d636-wrapper\" class=\"wpcf7-form-control-wrap website-wrap\" ><input type=\"hidden\" name=\"website-time-start\" value=\"1777621700\"><input type=\"hidden\" name=\"website-time-check\" value=\"4\"><input id=\"website\"  class=\"wpcf7-form-control wpcf7-text website\" type=\"text\" name=\"website\" value=\"\" size=\"40\" tabindex=\"-1\" autocomplete=\"off\" \/><\/span>\n\n<span class=\"wpcf7-form-control-wrap\" data-name=\"acceptance\"><span class=\"wpcf7-form-control wpcf7-acceptance\"><span class=\"wpcf7-list-item\"><label><input type=\"checkbox\" name=\"acceptance\" value=\"1\" id=\"acceptance\" aria-invalid=\"false\" \/><span class=\"wpcf7-list-item-label\"><p>Pro\u010ditao\/la sam i sla\u017eem se sa <a href=\"https:\/\/hoganclub.asystems.as\/sr\/politika-zastite-licnih-podataka\/\" target=\"_blank\">politikom za\u0161tite privatnosti za obradu li\u010dnih podataka<\/a>.<\/p><\/span><\/label><\/span><\/span><\/span>\n\n<p class=\"google-recaptcha\">Ova je stranica reCAPTCHA-za\u0161ti\u0107ena i primenjuju se pravila <a href=\"https:\/\/policies.google.com\/privacy\" target=\"_blank\">za\u0161tite li\u010dnih podataka<\/a> i <a href=\"https:\/\/policies.google.com\/terms\" target=\"_blank\">uslova za pru\u017eanje usluga<\/a> Google.<\/p>\n\n<div class=\"form-note\"><span>*<\/span> Obavezno polje<\/div>\n<div class=\"submit-wrapper\">\n    <div class=\"wpcf7-spinner\"><\/div>\n    <button class=\"button wpcf7-form-control wpcf7-submit\">Po\u0161aljite<\/button>\n<\/div><div class=\"wpcf7-response-output\" aria-hidden=\"true\"><\/div>\n<\/form>\n<\/div>\n<\/div>\n<\/div><!--\/ .container -->\n<\/section><!--\/ .group -->\n","protected":false},"excerpt":{"rendered":"<p>Zainteresovani ste za na\u0161e usluge? Kontaktirajte nas Assessment Systems Adria BEOGRADVojvode Dobrnjca 52\/211 000, BeogradRepublika Srbija SUBOTICA\u0110ure \u0110akovi\u0107a 924 000,&#8230;<\/p>\n","protected":false},"author":181,"featured_media":0,"parent":0,"menu_order":10,"comment_status":"closed","ping_status":"closed","template":"template-pages\/page-contact.php","meta":{"footnotes":""},"class_list":["post-1698","page","type-page","status-publish","hentry"],"acf":[],"_links":{"self":[{"href":"https:\/\/hoganclub.asystems.as\/sr\/wp-json\/wp\/v2\/pages\/1698","targetHints":{"allow":["GET"]}}],"collection":[{"href":"https:\/\/hoganclub.asystems.as\/sr\/wp-json\/wp\/v2\/pages"}],"about":[{"href":"https:\/\/hoganclub.asystems.as\/sr\/wp-json\/wp\/v2\/types\/page"}],"author":[{"embeddable":true,"href":"https:\/\/hoganclub.asystems.as\/sr\/wp-json\/wp\/v2\/users\/181"}],"replies":[{"embeddable":true,"href":"https:\/\/hoganclub.asystems.as\/sr\/wp-json\/wp\/v2\/comments?post=1698"}],"version-history":[{"count":2,"href":"https:\/\/hoganclub.asystems.as\/sr\/wp-json\/wp\/v2\/pages\/1698\/revisions"}],"predecessor-version":[{"id":1702,"href":"https:\/\/hoganclub.asystems.as\/sr\/wp-json\/wp\/v2\/pages\/1698\/revisions\/1702"}],"wp:attachment":[{"href":"https:\/\/hoganclub.asystems.as\/sr\/wp-json\/wp\/v2\/media?parent=1698"}],"curies":[{"name":"wp","href":"https:\/\/api.w.org\/{rel}","templated":true}]}}